
{"id":4345,"date":"2023-05-09T09:40:30","date_gmt":"2023-05-09T07:40:30","guid":{"rendered":"https:\/\/bigbiennale.ch\/?page_id=4345"},"modified":"2024-10-16T18:41:32","modified_gmt":"2024-10-16T16:41:32","slug":"infos-pratiques","status":"publish","type":"page","link":"https:\/\/bigbiennale.ch\/2023\/infos-pratiques\/","title":{"rendered":"Infos pratiques"},"content":{"rendered":"\n<h2 class=\"wp-block-heading\" style=\"text-transform:uppercase\">Horaires de la BIG<\/h2>\n\n\n\n<div class=\"wp-block-columns is-layout-flex wp-container-core-columns-is-layout-9d6595d7 wp-block-columns-is-layout-flex\">\n<div class=\"wp-block-column is-layout-flow wp-block-column-is-layout-flow\">\n<h4 class=\"wp-block-heading\" style=\"text-transform:uppercase\">Village portuaire<\/h4>\n\n\n\n<figure class=\"wp-block-table\"><table><tbody><tr><td>lundi \u00e0 mercredi<\/td><td>12h00-23h00<\/td><\/tr><tr><td>jeudi et vendredi<\/td><td>12h00-01h00<\/td><\/tr><tr><td>samedi<\/td><td>10h00-01h00<\/td><\/tr><tr><td>dimanche<\/td><td>10h00-23h00<\/td><\/tr><\/tbody><\/table><\/figure>\n<\/div>\n\n\n\n<div class=\"wp-block-column is-layout-flow wp-block-column-is-layout-flow\">\n<h4 class=\"wp-block-heading\" style=\"text-transform:uppercase\">Archipel &amp; zone de baignade<\/h4>\n\n\n\n<figure class=\"wp-block-table\"><table><tbody><tr><td>lundi \u00e0 vendredi<\/td><td>12h00-22h00<\/td><\/tr><tr><td>samedi et dimanche<\/td><td>10h00-22h00<\/td><\/tr><\/tbody><\/table><\/figure>\n\n\n\n<p>La baignade est surveill\u00e9e le samedi et le dimanche de 12:00 \u00e0 18:00. En dehors de ces horaires, la baignade est plac\u00e9e sous la vigilance des usager\u00e8rexs.<\/p>\n\n\n\n<p>Pour les personnes ne souhaitant pas se baigner, des embarcations \u00e0 rames sont \u00e0 disposition tous les jours de 13:30 \u00e0 15:00 et de 18:00 \u00e0 19:30.<\/p>\n<\/div>\n<\/div>\n\n\n\n<p><\/p>\n\n\n\n<div class=\"wp-block-columns is-layout-flex wp-container-core-columns-is-layout-9d6595d7 wp-block-columns-is-layout-flex\">\n<div class=\"wp-block-column is-layout-flow wp-block-column-is-layout-flow\">\n<h2 class=\"wp-block-heading\" id=\"carte\" style=\"text-transform:uppercase\">Lieu principal : Perle du Lac<\/h2>\n<\/div>\n<\/div>\n\n\n\n<div class=\"wp-block-columns is-layout-flex wp-container-core-columns-is-layout-9d6595d7 wp-block-columns-is-layout-flex\">\n<div class=\"wp-block-column is-layout-flow wp-block-column-is-layout-flow\" style=\"flex-basis:66.66%\">\n<figure class=\"wp-block-gallery has-nested-images columns-default is-cropped wp-block-gallery-1 is-layout-flex wp-block-gallery-is-layout-flex\">\n<figure class=\"wp-block-image size-large\"><a href=\"https:\/\/bigbiennale.ch\/2023\/wp-content\/uploads\/2024\/10\/BIG23map.svg\" data-lbwps-width=\"4536\" data-lbwps-height=\"6404\" data-lbwps-srcsmall=\"https:\/\/bigbiennale.ch\/2023\/wp-content\/uploads\/2024\/10\/BIG23map.svg\"><img decoding=\"async\" data-id=\"7221\" src=\"https:\/\/bigbiennale.ch\/2023\/wp-content\/uploads\/2024\/10\/BIG23map.svg\" alt=\"\" class=\"wp-image-7221\"\/><\/a><\/figure>\n<\/figure>\n<\/div>\n\n\n\n<div class=\"wp-block-column is-layout-flow wp-block-column-is-layout-flow\" style=\"flex-basis:33.33%\">\n<h4 class=\"wp-block-heading\">VILLAGE PORTUAIRE<\/h4>\n\n\n\n<ul class=\"wp-block-list\">\n<li>B3 : Accueil <br><em>Bienvenue \u00e0 bord ! Toutes les informations sur la BIG y sont regroup\u00e9es.<\/em><\/li>\n<\/ul>\n\n\n\n<p><\/p>\n\n\n\n<ul class=\"wp-block-list\">\n<li>B3 : Espace safe<br><em>Un espace de repli en cas de besoin.&nbsp;<\/em><\/li>\n<\/ul>\n\n\n\n<p><\/p>\n\n\n\n<ul class=\"wp-block-list\">\n<li>B2, B3, C3 : Palafittes<br><em>Construction lacustre du n\u00e9olithique<\/em>, <em>espaces partag\u00e9s \u00e0 tour de r\u00f4le par les espaces d\u2019art et collectifs de la BIG. Raz-de-mar\u00e9e artistique, toutes voiles dehors.<\/em><\/li>\n<\/ul>\n\n\n\n<p><\/p>\n\n\n\n<ul class=\"wp-block-list\">\n<li>C2 : Sc\u00e8ne terrestre <br><em>La sc\u00e8ne ancr\u00e9e en terre ferme. Ici \u00e7a tangue pas.&nbsp;<\/em><\/li>\n<\/ul>\n\n\n\n<p><\/p>\n\n\n\n<ul class=\"wp-block-list\">\n<li>D1, E1 : La Cabane <br><em>Espace abrit\u00e9, construit exclusivement en mat\u00e9riaux de r\u00e9cup\u00e9ration.<\/em><\/li>\n<\/ul>\n\n\n\n<p><\/p>\n\n\n\n<ul class=\"wp-block-list\">\n<li>E1 : SCUB  <br><em>Structure modulable mi-sph\u00e8re mi-cube, elle se transforme au fil des espaces d\u2019art et collectifs qui l\u2019occupent.&nbsp;<\/em><\/li>\n<\/ul>\n\n\n\n<p><\/p>\n\n\n\n<ul class=\"wp-block-list\">\n<li>D1 : Cantine  <br><em>\u00c0 table ! Espace ombrag\u00e9 o\u00f9 sont servis les repas.&nbsp;<\/em><\/li>\n<\/ul>\n\n\n\n<p><\/p>\n\n\n\n<ul class=\"wp-block-list\">\n<li>D3 : Bar La Mouette <br><em>Pour boire autre chose que la tasse.<\/em><\/li>\n<\/ul>\n\n\n\n<p><\/p>\n\n\n\n<ul class=\"wp-block-list\">\n<li>D1, E3 : WC<br><em>Ici, on reste au sec. (Toilette PMR en E3)<\/em><\/li>\n<\/ul>\n\n\n\n<p><\/p>\n\n\n\n<ul class=\"wp-block-list\">\n<li>D1, D3 : Stations de tri<\/li>\n\n\n\n<li><strong> <\/strong><em>Aucun d\u00e9chet dans le lac, ni dans le parc !<\/em><\/li>\n<\/ul>\n\n\n\n<div style=\"height:28px\" aria-hidden=\"true\" class=\"wp-block-spacer\"><\/div>\n\n\n\n<h4 class=\"wp-block-heading\">ARCHIPEL :<\/h4>\n\n\n\n<ul class=\"wp-block-list\">\n<li>C4 : Ponton<\/li>\n\n\n\n<li><em>Lien entre terre et eau, le ponton est ouvert aux horaires de la zone de baignade tout au long de la BIG.&nbsp;<\/em><\/li>\n<\/ul>\n\n\n\n<p><\/p>\n\n\n\n<ul class=\"wp-block-list\">\n<li>A4, C5, D5 : Plateformes flottantes<\/li>\n\n\n\n<li><em>Plateformes de repos et artistiques. Accessibles \u00e0 la nage ou en embarcations (selon horaires), pour se pr\u00e9lasser ou voir les \u0153uvres de plus pr\u00e8s.&nbsp;<\/em><\/li>\n<\/ul>\n\n\n\n<p><\/p>\n\n\n\n<ul class=\"wp-block-list\">\n<li>C4 : Sc\u00e8ne lacustre <\/li>\n\n\n\n<li><em>Pour toutes interventions sc\u00e9niques en eau mouvante.&nbsp;<\/em><\/li>\n<\/ul>\n\n\n\n<div style=\"height:28px\" aria-hidden=\"true\" class=\"wp-block-spacer\"><\/div>\n\n\n\n<h4 class=\"wp-block-heading\" style=\"text-transform:uppercase\"><strong>Voisinage et autres ports<\/strong><\/h4>\n\n\n\n<ul class=\"wp-block-list\">\n<li>Liaison fluviale Perle du Lac \u2013 Porteous<\/li>\n\n\n\n<li><em>\u00c9pop\u00e9e fantastique qui relie la BIG \u00e0 l\u2019autre bout du Rh\u00f4ne.<\/em><\/li>\n<\/ul>\n\n\n\n<p><\/p>\n\n\n\n<ul class=\"wp-block-list\">\n<li>Les Bains des P\u00e2quis<\/li>\n\n\n\n<li><em>Coucou les voisinexs lacustres !<\/em><\/li>\n\n\n\n<li><\/li>\n<\/ul>\n\n\n\n<p><\/p>\n\n\n\n<ul class=\"wp-block-list\">\n<li>Petit Train<\/li>\n\n\n\n<li><em>En voiture, le petit train part toujours \u00e0 l\u2019heure.<\/em><\/li>\n\n\n\n<li><\/li>\n<\/ul>\n\n\n\n<p><\/p>\n\n\n\n<ul class=\"wp-block-list\">\n<li>Mouette ligne M4 <\/li>\n\n\n\n<li><em>Celle-l\u00e0, elle flotte !<\/em><\/li>\n<\/ul>\n<\/div>\n<\/div>\n\n\n\n<h4 class=\"wp-block-heading\" style=\"text-transform:uppercase\">Equipage<\/h4>\n\n\n\n<div class=\"wp-block-columns is-layout-flex wp-container-core-columns-is-layout-9d6595d7 wp-block-columns-is-layout-flex\">\n<div class=\"wp-block-column is-layout-flow wp-block-column-is-layout-flow\">\n<p>(1) <strong>accolade<\/strong><br>palafitte ouest: 03-09.07<\/p>\n\n\n\n<p>(2) <strong>\u00e0Duplex<\/strong> <br>palafitte est: 02-09.07<\/p>\n\n\n\n<p>(3) <strong>AKIK<\/strong> <br>interventions ponctuelles et mobiles: 24-27.06, 30.06-04.07, 06-09.07<\/p>\n\n\n\n<p>(4) <strong>apropa\u00b0<\/strong> <br>interventions ponctuelles et mobiles: 23.06-09.07<\/p>\n\n\n\n<p>(5) <strong>Arboretum, laboratoire d\u2019exp\u00e9rimentation artistique<\/strong><br>sc\u00e8ne terrestre: 01.07, <br>sc\u00e8ne lacustre: 01.07<br>SCUB: 01.07<\/p>\n\n\n\n<p>(6) <strong>association FOLNUI<\/strong> <br>E2: 01-09.07<\/p>\n\n\n\n<p>(7) <strong>Association Verri\u00e8re Sud (Usine Kugler) <\/strong><br>palafitte est: 23-25.06<\/p>\n\n\n\n<p>(8)<strong> Atelier bermuda <\/strong><br>palafitte est: 26.06-01.07<\/p>\n\n\n\n<p>(9) <strong>Atelier genevois de gravure contemporaine<\/strong><br>B2: 23-24.06, 28.06, 30.06-01.07, 05.07, 07-09.07<\/p>\n\n\n\n<p>(10) <strong>Atelier pas press\u00e9<\/strong><br>palafitte ouest: 26-28.06<br>sc\u00e8ne terrestre: 28.06<\/p>\n\n\n\n<p>(11) <strong>Ateliers FFF<\/strong> <br>B4: 23.06-09.07<\/p>\n\n\n\n<p>(12) <strong>Bise Noire<\/strong> <br>E2: 23.06-09.07<\/p>\n\n\n\n<p>(13) <strong>BODY&amp;SOUL<\/strong> <br>D4: 23.06-09.07<\/p>\n\n\n\n<p>(14) <strong>Bongo Joe<\/strong> <br>sc\u00e8ne terrestre: 29-30.06<br>sc\u00e8ne lacustre: 29-30.06<\/p>\n\n\n\n<p>(15) <strong>Bureau de Crise et URBANARCHY<\/strong> <br>E4: 23.06-09.07<br>sc\u00e8ne terrestre: 02.07<\/p>\n\n\n\n<p>(16) <strong>Chemin\u00e9e Nord<\/strong> <br>palafitte ouest: 23-28.06<\/p>\n\n\n\n<p>(17) <strong>Club Assembl\u00e9e G\u00e9n\u00e9rale \u2013 CAG+<\/strong> <br>B5: 24-26.06, C5 24-26.06, D3 24-26.06]<\/p>\n\n\n\n<p>(18) <strong>Colectiva<\/strong> <br>interventions ponctuelles et mobiles: 27.06<\/p>\n\n\n\n<p>(19) <strong>Collectif After- et Wendy Gaze<\/strong> <br>C4: 23.06-09.07<\/p>\n\n\n\n<p>(20) <strong>Collectif Bleu Velours<\/strong><br>palafitte sud: 23-25.06<br>sc\u00e8ne lacustre: 23.06, 02.07<\/p>\n\n\n\n<p>(21) <strong>Collectif Ch\u00e2teau Deux<\/strong><br>petit train: 08.07<\/p>\n\n\n\n<p>(22) <strong>Collectif ELECTROLUXES<\/strong><br>B5: 23.06-09.07<br>interventions ponctuelles et mobiles: 28-29.06, 01-02.07, 05-06.07, 08-09.07)&nbsp;<\/p>\n\n\n\n<p>(23) <strong>Collectif FOEHN<\/strong> <br>B4: 23-30.06<br>D2: 23.06-09.07<\/p>\n\n\n\n<p>(24) <strong>Collectif Kol<\/strong> <br>sc\u00e8ne lacustre: 07.07, 09.07<\/p>\n\n\n\n<p>(25) <strong>Collectif la Toupie<\/strong><br>palafitte sud: 01-09.07<\/p>\n\n\n\n<p>(26)<strong> Collectif Marge Lat\u00e9rale<\/strong><br>mouettes M4: 26.06<br>petit train: 05.07<br>interventions ponctuelles et mobiles: 24.06, 02.07, 08-09.07<\/p>\n\n\n\n<p>(27) <strong>Collectif mars<\/strong> <br>palafitte est: 26.06-01.07<\/p>\n\n\n\n<p>(28) <strong>Collectif olesia<\/strong> <br>palafitte sud: 26-29.06<\/p>\n\n\n\n<p><\/p>\n\n\n\n<p><\/p>\n\n\n\n<h4 class=\"wp-block-heading\">ACCESSIBILIT\u00c9&nbsp;<\/h4>\n<\/div>\n\n\n\n<div class=\"wp-block-column is-layout-flow wp-block-column-is-layout-flow\">\n<p>(29) <strong>Collectif OLGA<\/strong><br>palafitte est: 23-25.06<br>sc\u00e8ne terrestre: 23.06<\/p>\n\n\n\n<p>(30) <strong>Collectif Salami <\/strong><br>palafitte sud: 23.06-01.07<\/p>\n\n\n\n<p>(31) <strong>Collectif Vilaine<\/strong> <br>D4: 23.06-09.07<\/p>\n\n\n\n<p>(32) <strong>COLOC<\/strong> <br>sc\u00e8ne terrestre: 06.07, 09.07<\/p>\n\n\n\n<p>(33) <strong>Compagnie Caract\u00e8re<\/strong><br>sc\u00e8ne terrestre: 08.07<\/p>\n\n\n\n<p>(34) <strong>Cumulus Forever <\/strong><br>C4: 23.06-09.07<br>palafitte est: 23.06-09.07<\/p>\n\n\n\n<p>(35) <strong>DAFtivi<\/strong><br>C2: 07-09.07<\/p>\n\n\n\n<p>(36) <strong>Doppelganger Collective<\/strong><br>sc\u00e8ne terrestre: 23.06<\/p>\n\n\n\n<p>(37)&nbsp;<strong>Erzsianne<\/strong> <br>mus\u00e9e d\u2019histoire des sciences: 23.06-09.07<\/p>\n\n\n\n<p>(38) <strong>espace annexe<\/strong> <br>E4: 07-09.07<br>palafitte sud: 07-09.07<\/p>\n\n\n\n<p>(39) <strong>Espace Enchant\u00e9 \u2013 Centre d\u2019Art et Nature<\/strong><br>palafitte ouest: 29.06-03.07<\/p>\n\n\n\n<p>(40) <strong>Espace Kugler<\/strong> <br>palafitte ouest: 23-25.06<\/p>\n\n\n\n<p>(41) <strong>Experimental photoclub Geneva<\/strong> <br>palafitte sud: 23-29.06<\/p>\n\n\n\n<p>(42)<strong> F(R)ICTIONS <\/strong><br>sc\u00e8ne terrestre: 27.06<\/p>\n\n\n\n<p>(43) <strong>Forde<\/strong> <br>B3: 23.06-05.07<\/p>\n\n\n\n<p>(44) <strong>Futurbrilliant<\/strong> <br>D4: 23.06-09.07<\/p>\n\n\n\n<p>(45) <strong>Halle Nord et Collectif Rayon Vide <\/strong><br>B5: 23.06-09.07<\/p>\n\n\n\n<p>(46) <strong>Hugo Bonnet + Luca Veuillet x Pain du bord<\/strong> <br>\u0153uvre contemplative: 23.06-09.07<br>interventions ponctuelles et mobiles<\/p>\n\n\n\n<p>(47) <strong>Jeanne Broquet X Osmos.is<\/strong> <br>sc\u00e8ne lacustre: 08.07<\/p>\n\n\n\n<p>(48) <strong>Kzern<\/strong> <br>after 24.06, 08.07<\/p>\n\n\n\n<p>(49) <strong>L-SUD <\/strong><br>D4: 23.06-09.07<br>sc\u00e8ne lacustre: 23.06<\/p>\n\n\n\n<p>(50) <strong>La Com\u00e8te<\/strong> <br>B2: 23.06-09.07<\/p>\n\n\n\n<p>(51) <strong>La fabrique de fanzines<\/strong><br>palafitte sud: 30.06-05.07<\/p>\n\n\n\n<p>(52) <strong>La Performative<\/strong> <br>C3: 24.06<\/p>\n\n\n\n<p>(53) <strong>Le Grain espaces de cr\u00e9ation (Johan Rosset et PSYN FYSY)<\/strong> <br>D3: 23.06-09.07<\/p>\n\n\n\n<p>(54) <strong>Le Pavillon Bleu <\/strong><br>E2: 01-09.07<\/p>\n\n\n\n<p>(55) <strong>Le Poulailler <\/strong><br>B3: 23.06-09.07<\/p>\n\n\n\n<p>(56) <strong>Les 5m50 <\/strong><br>interventions ponctuelles et mobiles<\/p>\n\n\n\n<p>(57) <strong>Les&nbsp;Verseuses&nbsp;\u2013 DURCH<\/strong><br>B3: 05-09.07, sc\u00e8ne terrestre 07-08.07, sc\u00e8ne lacustre 09.07<\/p>\n\n\n\n<p>(58) <strong>Li bing<\/strong> <br>mouettes M4: 27.06, 07.07<br>sc\u00e8ne lacustre: 27.06<\/p>\n<\/div>\n\n\n\n<div class=\"wp-block-column is-layout-flow wp-block-column-is-layout-flow\">\n<p>(59) <strong>LIMBO<\/strong> <br>palafitte ouest: 05-09.07<\/p>\n\n\n\n<p>(60) <strong>Lucie &amp; Na\u00efma (Le Fesse-tival) <\/strong><br>palafitte ouest: 30.06-02.07<br>sc\u00e8ne terrestre: 02.07<\/p>\n\n\n\n<p>(61) <strong>MACACO Press<\/strong><br>interventions ponctuelles et mobiles: 25.06, 02.07<\/p>\n\n\n\n<p>(62) <strong>MAYBEMAYBEMAYBE<\/strong><br>SCUB: 07-09.07<\/p>\n\n\n\n<p>(63) <strong>MelUsine<\/strong> <br>B5: 23.06-09.07, D2 26.06, 28.06, 03.07, 05.07<\/p>\n\n\n\n<p>(64) <strong>Miami Books <\/strong><br>C3: 23.06-09.07<\/p>\n\n\n\n<p>(65) <strong>Milkshake Agency <\/strong><br>sc\u00e8ne lacustre: 03.07<br>interventions ponctuelles et mobiles: 06-07.07<\/p>\n\n\n\n<p>(66) <strong>Noctuidae<\/strong> <br>B3: 23-25.06<\/p>\n\n\n\n<p>(67) <strong>Palais F\u00e9ral <\/strong><br>interventions ponctuelles et mobiles: 29-30.06, 02.07<br>Bains des P\u00e2quis: 30.06, 09.07<\/p>\n\n\n\n<p>(68) <strong>PICTO<\/strong> <br>B5: 23-30.06<br>palafitte est: 23.06-01.07<br>interventions ponctuelles et mobiles: 28.06, 02.07]<\/p>\n\n\n\n<p>(69) <strong>Polisheit<\/strong> <br>SCUB: 03-06.07<br>sc\u00e8ne terrestre: 06.07<\/p>\n\n\n\n<p>(70) <strong>Porteous<\/strong> <br>liaison fluviale: 24.06, 01.07<\/p>\n\n\n\n<p>(71) <strong>Primadelus<\/strong> <br>C5: 23.06-09.07<br>Bains des P\u00e2quis: 23.06-09.07<\/p>\n\n\n\n<p>(72) <strong>Projet H107<\/strong> <br>interventions ponctuelles et mobiles: 25-28.06<\/p>\n\n\n\n<p>(73) <strong>Psym3trics<\/strong> <br>D3: 23.06-09.07<\/p>\n\n\n\n<p>(74) <strong>RCA<\/strong> <br>palafitte est: 02-09.07<br>sc\u00e8ne terrestre: 04.07, 08.07<\/p>\n\n\n\n<p>(75) <strong>SCHAER WENGER x DIAS<\/strong><br>B4: 23.06-09.07<br>sc\u00e8ne terrestre: 27.06<\/p>\n\n\n\n<p>(76) <strong>SCUB<\/strong> <br>E1: 23.06-09.07<\/p>\n\n\n\n<p>(77) <strong>Soci\u00e9t\u00e9 POTOP<\/strong> <br>B5: 02-09.07<br>D3: 02-09.07<\/p>\n\n\n\n<p>(78) <strong>Soul2soul<\/strong> <br>palafitte ouest: 23-28.06<\/p>\n\n\n\n<p>(79) <strong>Stim Matter<\/strong> <br>mouettes M4: 05-09.07<\/p>\n\n\n\n<p>(80) <strong>Th\u00e9\u00e2tre du Galpon<\/strong> <br>liaison fluviale: 24.06, 01.07<\/p>\n\n\n\n<p>(81) <strong>TintypeLab<\/strong> <br>C3: 23.06-09.07<\/p>\n\n\n\n<p>(82) <strong>Tohu-Bohu <\/strong><br>interventions ponctuelles et mobiles: 24-25.06, 27.06, 29.06, 01-02.07, 05.07, 07.07, 09.07<\/p>\n\n\n\n<p>(83) <strong>Tranquiliy Base <\/strong><br>B4: 23.06-09.07<\/p>\n\n\n\n<p>(84) <strong>TU \u2013 Th\u00e9\u00e2tre de l\u2019Usine<\/strong><br>sc\u00e8ne terrestre: 24-25.06<\/p>\n\n\n\n<p>(85) <strong>Ubuntu Live (Beats x Larson)<\/strong><br>SCUB: 24.06<\/p>\n\n\n\n<p>(86) <strong>Urbangame Car<\/strong> <br>C3: 23.06-02.07<\/p>\n\n\n\n<p>(87) <strong>Yakari Spaceship<\/strong> <br>C3: 23.06-09.07<br>sc\u00e8ne terrestre: 09.07<\/p>\n<\/div>\n<\/div>\n\n\n\n<div class=\"wp-block-columns is-layout-flex wp-container-core-columns-is-layout-9d6595d7 wp-block-columns-is-layout-flex\">\n<div class=\"wp-block-column is-layout-flow wp-block-column-is-layout-flow\">\n<h4 class=\"wp-block-heading\" style=\"text-transform:uppercase\"><strong>Venir \u00e0 la BIG<\/strong><\/h4>\n\n\n\n<p>Le site principal de la BIG (Perle du Lac) est accessible par les transports en commun.<\/p>\n\n\n\n<p>TPG: ligne 1 ou 25, arr\u00eat \u00abPerle du Lac\u00bb ou \u00abDe-Chateaubriand\u00bb ; ligne 15, arr\u00eat \u00abButini\u00bb.&nbsp;<\/p>\n\n\n\n<p>Mouettes genevoises : ligne M4, arr\u00eat \u00abDe Chateaubriand\u00bb.&nbsp;<\/p>\n\n\n\n<p>\u00c0 pied et \u00e0 v\u00e9lo par le quai Wilson et la rue de Lausanne.<\/p>\n\n\n\n<p><\/p>\n\n\n\n<p><strong>Bienvenue \u00e0 bord ! Cr\u00e9ons ensemble un environnement respectueux, inclusif et bienveillant.<\/strong><\/p>\n\n\n\n<p><\/p>\n\n\n\n<h4 class=\"wp-block-heading\">Acc\u00e8s PMR<\/h4>\n\n\n\n<p>Cette ann\u00e9e la Biennale a fait le choix de s\u2019ins\u00e9rer dans un parc : de ce fait la nature du lieu rend l\u2019acc\u00e8s limit\u00e9 aux personnes \u00e0 mobilit\u00e9 r\u00e9duite, notamment car la partie terrestre se d\u00e9ploie sur une zone d\u2019herbe pentue \u00e0 certains endroits.<\/p>\n\n\n\n<p>N\u00e9anmoins des rampes d\u2019acc\u00e8s ont \u00e9t\u00e9 install\u00e9es \u00e0 l\u2019entr\u00e9e de chaque palafitte (espace d\u2019exposition partag\u00e9) ainsi qu\u2019au bar et des toilettes PMR sont accessibles depuis le chemin goudronn\u00e9. La cantine est accessible directement depuis le chemin goudronn\u00e9 \u00e0 c\u00f4t\u00e9 du Mus\u00e9e d\u2019Histoire des Sciences. Certaines oeuvres dans le parc sont \u00e9galement accessibles et la plupart sont visibles depuis le chemin.<\/p>\n\n\n\n<p>Nous sommes conscientexs que ce n\u2019est pas l\u2019id\u00e9al; nous invitons alors toutes personnes pour qui l\u2019acc\u00e8s est difficle \u00e0 solliciter quelqu\u2019unex \u00e0 l\u2019accueil, une personne vous accompagnera volontiers dans votre visite.<\/p>\n\n\n\n<p>La zone de baignade est quant \u00e0 elle malheureusement inaccessible. Nous n\u2019avons pas \u00e9t\u00e9 en mesure de trouver une solution pour palier \u00e0 ce manque. La programmation de la sc\u00e8ne lacustre reste visible depuis le chemin goudronn\u00e9 au bord de l\u2019eau.<\/p>\n\n\n\n<p>Si besoin, n\u2019h\u00e9sitez pas \u00e0 nous \u00e9crire en amont pour que nous puissions pr\u00e9parer au mieux votre venue.<\/p>\n\n\n\n<p>Nous sommes disponibles pour tout retour visant \u00e0 am\u00e9liorer l\u2019acc\u00e8s aux futures \u00e9ditions.<\/p>\n<\/div>\n\n\n\n<div class=\"wp-block-column is-layout-flow wp-block-column-is-layout-flow\">\n<h4 class=\"wp-block-heading\"><\/h4>\n<\/div>\n<\/div>\n","protected":false},"excerpt":{"rendered":"<p>Horaires de la BIG Village portuaire lundi \u00e0 mercredi 12h00-23h00 jeudi et vendredi 12h00-01h00 samedi 10h00-01h00 dimanche 10h00-23h00 Archipel &amp; zone de baignade lundi \u00e0 vendredi 12h00-22h00 samedi et dimanche 10h00-22h00 La baignade est surveill\u00e9e le samedi et le dimanche de 12:00 \u00e0 18:00. En dehors de ces horaires, la baignade est plac\u00e9e sous la [&hellip;]<\/p>\n","protected":false},"author":1,"featured_media":0,"parent":0,"menu_order":0,"comment_status":"closed","ping_status":"closed","template":"","meta":{"_acf_changed":false,"inline_featured_image":false,"footnotes":""},"class_list":["post-4345","page","type-page","status-publish","hentry"],"acf":[],"_links":{"self":[{"href":"https:\/\/bigbiennale.ch\/2023\/wp-json\/wp\/v2\/pages\/4345","targetHints":{"allow":["GET"]}}],"collection":[{"href":"https:\/\/bigbiennale.ch\/2023\/wp-json\/wp\/v2\/pages"}],"about":[{"href":"https:\/\/bigbiennale.ch\/2023\/wp-json\/wp\/v2\/types\/page"}],"author":[{"embeddable":true,"href":"https:\/\/bigbiennale.ch\/2023\/wp-json\/wp\/v2\/users\/1"}],"replies":[{"embeddable":true,"href":"https:\/\/bigbiennale.ch\/2023\/wp-json\/wp\/v2\/comments?post=4345"}],"version-history":[{"count":2,"href":"https:\/\/bigbiennale.ch\/2023\/wp-json\/wp\/v2\/pages\/4345\/revisions"}],"predecessor-version":[{"id":7222,"href":"https:\/\/bigbiennale.ch\/2023\/wp-json\/wp\/v2\/pages\/4345\/revisions\/7222"}],"wp:attachment":[{"href":"https:\/\/bigbiennale.ch\/2023\/wp-json\/wp\/v2\/media?parent=4345"}],"curies":[{"name":"wp","href":"https:\/\/api.w.org\/{rel}","templated":true}]}}