
{"id":41,"date":"2023-01-28T12:34:07","date_gmt":"2023-01-28T11:34:07","guid":{"rendered":"https:\/\/bigbiennale.ch\/?page_id=41"},"modified":"2024-10-21T17:13:19","modified_gmt":"2024-10-21T15:13:19","slug":"edito","status":"publish","type":"page","link":"https:\/\/bigbiennale.ch\/2023\/edito\/","title":{"rendered":"\u00c9DITO"},"content":{"rendered":"\n<h2 class=\"wp-block-heading has-text-align-center fullheight babord has-text-color\" style=\"color:#5a3cb4;font-size:7em;text-transform:uppercase\">Touxtes \u00e0 bord et toutes voiles dehors !<\/h2>\n\n\n\n<div class=\"wp-block-columns fullheight is-layout-flex wp-container-core-columns-is-layout-9d6595d7 wp-block-columns-is-layout-flex\">\n<div class=\"wp-block-column is-layout-flow wp-block-column-is-layout-flow\">\n<p class=\"has-medium-font-size\">Pens\u00e9e en d\u00e9ferlante collective, la BIG &#8211; 5<sup>\u00e8me<\/sup> Biennale Insulaire des espaces d\u2019art de Gen\u00e8ve, r\u00e9invente les moyens de mener \u00e0 bien ses deux missions essentielles : f\u00e9d\u00e9rer les espaces d\u2019art et collectifs artistiques locaux qui se positionnent en dehors d\u2019un rapport marchand au monde et ouvrir leurs univers au grand public.<\/p>\n\n\n\n<p class=\"has-medium-font-size\">Profond\u00e9ment mouvante et fluide, red\u00e9finissant le cap \u00e0 chaque \u00e9dition, la BIG d\u00e9barque dans le cadre enchanteur de la Perle du Lac, renversant au passage l\u2019image de la carte postale genevoise \u00e0 grands coups de mouette d\u00e9tourn\u00e9e, de ponton \u00e9ph\u00e9m\u00e8re et d\u2019infrastructures collectives.<\/p>\n\n\n\n<p class=\"has-medium-font-size\">Plus qu\u2019un \u00e9v\u00e9nement, c\u2019est avec vents et mar\u00e9es que la Biennale se construit comme une grande performance inclusive, joyeuse et rassembleuse. Elle est notre \u00e9tendard, un ensemble d\u2019exp\u00e9riences communes qui s\u2019\u00e9loigne des r\u00e9flexes de s\u00e9lection et de l&rsquo;\u00e9litisme, qui place le dialogue et l\u2019\u00e9change au centre du processus. La BIG est une r\u00e9ponse \u00e0 notre profond besoin de se frotter aux urgences du pr\u00e9sent et de se r\u00e9jouir de l\u2019avenir.&nbsp;&nbsp;<\/p>\n<\/div>\n\n\n\n<div class=\"wp-block-column is-layout-flow wp-block-column-is-layout-flow\">\n<p class=\"has-medium-font-size\">Cette ann\u00e9e, ce sont 87 espaces d\u2019art et collectifs artistiques du Grand Gen\u00e8ve qui prennent le temps de s\u2019ancrer durant 17 jours de biennale. \u00c0 travers l\u2019insularit\u00e9, la BIG 2023 rassemble des \u00eelots artistiques \u00e9pars qui ont le pouvoir de former ensemble un archipel multiforme. Pr\u00e9c\u00e9d\u00e9e par six semaines de construction collective, elle propose un tsunami de plus de 100 interventions sur terre et sur l\u2019eau, le tout compl\u00e8tement gratuit.<\/p>\n\n\n\n<p class=\"has-medium-font-size\">Nous imaginons la Biennale Insulaire comme un phare \u00e0 la lumi\u00e8re flamboyante dans la nuit, un point de rep\u00e8re o\u00f9 toutes les embarcations se rassemblent, prennent des forces et se ressourcent, avant de repartir \u00e0 l\u2019aventure !<\/p>\n<\/div>\n<\/div>\n\n\n\n<div class=\"is-style-testimonials wp-swiper is-style-testimonials is-style-testimonials\"><div class=\"wp-swiper__overlay-img\" style=\"background-image:url(https:\/\/bigbiennale.ch\/wp-content\/uploads\/2023\/05\/BIG_dechirurehorizontale.svg);opacity:1\"><\/div><div class=\"wp-swiper__wrapper\" style=\"color:#000000\"><div class=\"swiper-container swiper\" data-swiper=\"{&quot;slidesPerView&quot;:&quot;1&quot;,&quot;navigation&quot;:true,&quot;pagination&quot;:{&quot;type&quot;:&quot;bullets&quot;},&quot;delay&quot;:6000,&quot;speed&quot;:500,&quot;loop&quot;:true,&quot;direction&quot;:&quot;horizontal&quot;,&quot;slidesOffsetBefore&quot;:0,&quot;slidesOffsetAfter&quot;:0,&quot;autoHeight&quot;:false,&quot;spaceBetween&quot;:0,&quot;releaseOnEdges&quot;:false,&quot;effect&quot;:&quot;slide&quot;,&quot;autoplay&quot;:{&quot;delay&quot;:6000,&quot;disableOnInteraction&quot;:true}}\"><div class=\"swiper-wrapper\">\n<div data-tab=\"slide-1\" class=\"wp-swiper__slide swiper-slide\"><div class=\"wp-swiper__overlay-color\" style=\"background-color:rgba(0, 0, 0, 0)\"><\/div><div class=\"wp-swiper__slide-content\"><div class=\"wp-block-image\">\n<figure class=\"aligncenter size-large\"><img loading=\"lazy\" decoding=\"async\" width=\"2276\" height=\"1707\" src=\"https:\/\/bigbiennale.ch\/2023\/wp-content\/uploads\/2024\/10\/BIG_jour1\u00a9NeigeSanchez_HD_07-scaled-1-1-edited.jpg\" alt=\"\" class=\"wp-image-7400\" srcset=\"https:\/\/bigbiennale.ch\/2023\/wp-content\/uploads\/2024\/10\/BIG_jour1\u00a9NeigeSanchez_HD_07-scaled-1-1-edited.jpg 2276w, https:\/\/bigbiennale.ch\/2023\/wp-content\/uploads\/2024\/10\/BIG_jour1\u00a9NeigeSanchez_HD_07-scaled-1-1-edited-1080x810.jpg 1080w, https:\/\/bigbiennale.ch\/2023\/wp-content\/uploads\/2024\/10\/BIG_jour1\u00a9NeigeSanchez_HD_07-scaled-1-1-edited-1920x1440.jpg 1920w, https:\/\/bigbiennale.ch\/2023\/wp-content\/uploads\/2024\/10\/BIG_jour1\u00a9NeigeSanchez_HD_07-scaled-1-1-edited-768x576.jpg 768w, https:\/\/bigbiennale.ch\/2023\/wp-content\/uploads\/2024\/10\/BIG_jour1\u00a9NeigeSanchez_HD_07-scaled-1-1-edited-1536x1152.jpg 1536w, https:\/\/bigbiennale.ch\/2023\/wp-content\/uploads\/2024\/10\/BIG_jour1\u00a9NeigeSanchez_HD_07-scaled-1-1-edited-2048x1536.jpg 2048w\" sizes=\"auto, (max-width: 2276px) 100vw, 2276px\" \/><\/figure>\n<\/div><\/div><\/div>\n\n\n\n<div data-tab=\"slide-2\" class=\"wp-swiper__slide swiper-slide\"><div class=\"wp-swiper__overlay-color\" style=\"background-color:rgba(0, 0, 0, 0)\"><\/div><div class=\"wp-swiper__slide-content\"><div class=\"wp-block-image\">\n<figure class=\"aligncenter size-large\"><img loading=\"lazy\" decoding=\"async\" width=\"2276\" height=\"1707\" src=\"https:\/\/bigbiennale.ch\/2023\/wp-content\/uploads\/2024\/10\/BIG_jour1\u00a9NeigeSanchez_HD_03-scaled-1-edited.jpg\" alt=\"\" class=\"wp-image-7401\" srcset=\"https:\/\/bigbiennale.ch\/2023\/wp-content\/uploads\/2024\/10\/BIG_jour1\u00a9NeigeSanchez_HD_03-scaled-1-edited.jpg 2276w, https:\/\/bigbiennale.ch\/2023\/wp-content\/uploads\/2024\/10\/BIG_jour1\u00a9NeigeSanchez_HD_03-scaled-1-edited-1080x810.jpg 1080w, https:\/\/bigbiennale.ch\/2023\/wp-content\/uploads\/2024\/10\/BIG_jour1\u00a9NeigeSanchez_HD_03-scaled-1-edited-1920x1440.jpg 1920w, https:\/\/bigbiennale.ch\/2023\/wp-content\/uploads\/2024\/10\/BIG_jour1\u00a9NeigeSanchez_HD_03-scaled-1-edited-768x576.jpg 768w, https:\/\/bigbiennale.ch\/2023\/wp-content\/uploads\/2024\/10\/BIG_jour1\u00a9NeigeSanchez_HD_03-scaled-1-edited-1536x1152.jpg 1536w, https:\/\/bigbiennale.ch\/2023\/wp-content\/uploads\/2024\/10\/BIG_jour1\u00a9NeigeSanchez_HD_03-scaled-1-edited-2048x1536.jpg 2048w\" sizes=\"auto, (max-width: 2276px) 100vw, 2276px\" \/><figcaption class=\"wp-element-caption\">BIG, Gen\u00e8ve, 2023<\/figcaption><\/figure>\n<\/div><\/div><\/div>\n\n\n\n<div data-tab=\"slide-3\" class=\"wp-swiper__slide swiper-slide\"><div class=\"wp-swiper__overlay-color\" style=\"background-color:rgba(0, 0, 0, 0)\"><\/div><div class=\"wp-swiper__slide-content\"><div class=\"wp-block-image\">\n<figure class=\"aligncenter size-large\"><img loading=\"lazy\" decoding=\"async\" width=\"1707\" height=\"1280\" src=\"https:\/\/bigbiennale.ch\/2023\/wp-content\/uploads\/2024\/10\/BIG_jour1\u00a9NeigeSanchez_HD_01-scaled-1-1-edited.jpg\" alt=\"\" class=\"wp-image-7402\" srcset=\"https:\/\/bigbiennale.ch\/2023\/wp-content\/uploads\/2024\/10\/BIG_jour1\u00a9NeigeSanchez_HD_01-scaled-1-1-edited.jpg 1707w, https:\/\/bigbiennale.ch\/2023\/wp-content\/uploads\/2024\/10\/BIG_jour1\u00a9NeigeSanchez_HD_01-scaled-1-1-edited-1080x810.jpg 1080w, https:\/\/bigbiennale.ch\/2023\/wp-content\/uploads\/2024\/10\/BIG_jour1\u00a9NeigeSanchez_HD_01-scaled-1-1-edited-768x576.jpg 768w, https:\/\/bigbiennale.ch\/2023\/wp-content\/uploads\/2024\/10\/BIG_jour1\u00a9NeigeSanchez_HD_01-scaled-1-1-edited-1536x1152.jpg 1536w\" sizes=\"auto, (max-width: 1707px) 100vw, 1707px\" \/><figcaption class=\"wp-element-caption\">BIG, Gen\u00e8ve, 2023<\/figcaption><\/figure>\n<\/div><\/div><\/div>\n\n\n\n<div data-tab=\"slide-4\" class=\"wp-swiper__slide swiper-slide\"><div class=\"wp-swiper__overlay-color\" style=\"background-color:rgba(0, 0, 0, 0)\"><\/div><div class=\"wp-swiper__slide-content\"><div class=\"wp-block-image\">\n<figure class=\"aligncenter size-large\"><img loading=\"lazy\" decoding=\"async\" width=\"2318\" height=\"1739\" src=\"https:\/\/bigbiennale.ch\/2023\/wp-content\/uploads\/2024\/10\/BIG_jour1\u00a9NeigeSanchez_HD_10-scaled-1-1-edited.jpg\" alt=\"\" class=\"wp-image-7403\" srcset=\"https:\/\/bigbiennale.ch\/2023\/wp-content\/uploads\/2024\/10\/BIG_jour1\u00a9NeigeSanchez_HD_10-scaled-1-1-edited.jpg 2318w, https:\/\/bigbiennale.ch\/2023\/wp-content\/uploads\/2024\/10\/BIG_jour1\u00a9NeigeSanchez_HD_10-scaled-1-1-edited-1080x810.jpg 1080w, https:\/\/bigbiennale.ch\/2023\/wp-content\/uploads\/2024\/10\/BIG_jour1\u00a9NeigeSanchez_HD_10-scaled-1-1-edited-1920x1440.jpg 1920w, https:\/\/bigbiennale.ch\/2023\/wp-content\/uploads\/2024\/10\/BIG_jour1\u00a9NeigeSanchez_HD_10-scaled-1-1-edited-768x576.jpg 768w, https:\/\/bigbiennale.ch\/2023\/wp-content\/uploads\/2024\/10\/BIG_jour1\u00a9NeigeSanchez_HD_10-scaled-1-1-edited-1536x1152.jpg 1536w, https:\/\/bigbiennale.ch\/2023\/wp-content\/uploads\/2024\/10\/BIG_jour1\u00a9NeigeSanchez_HD_10-scaled-1-1-edited-2048x1536.jpg 2048w\" sizes=\"auto, (max-width: 2318px) 100vw, 2318px\" \/><figcaption class=\"wp-element-caption\">BIG, Gen\u00e8ve, 2023<\/figcaption><\/figure>\n<\/div><\/div><\/div>\n\n\n\n<div data-tab=\"slide-5\" class=\"wp-swiper__slide swiper-slide\"><div class=\"wp-swiper__overlay-color\" style=\"background-color:rgba(0, 0, 0, 0)\"><\/div><div class=\"wp-swiper__slide-content\"><div class=\"wp-block-image\">\n<figure class=\"aligncenter size-large\"><img loading=\"lazy\" decoding=\"async\" width=\"1707\" height=\"1280\" src=\"https:\/\/bigbiennale.ch\/2023\/wp-content\/uploads\/2024\/10\/BIG_jour1\u00a9NeigeSanchez_HD_11-scaled-1-1-edited.jpg\" alt=\"\" class=\"wp-image-7393\" srcset=\"https:\/\/bigbiennale.ch\/2023\/wp-content\/uploads\/2024\/10\/BIG_jour1\u00a9NeigeSanchez_HD_11-scaled-1-1-edited.jpg 1707w, https:\/\/bigbiennale.ch\/2023\/wp-content\/uploads\/2024\/10\/BIG_jour1\u00a9NeigeSanchez_HD_11-scaled-1-1-edited-1080x810.jpg 1080w, https:\/\/bigbiennale.ch\/2023\/wp-content\/uploads\/2024\/10\/BIG_jour1\u00a9NeigeSanchez_HD_11-scaled-1-1-edited-768x576.jpg 768w, https:\/\/bigbiennale.ch\/2023\/wp-content\/uploads\/2024\/10\/BIG_jour1\u00a9NeigeSanchez_HD_11-scaled-1-1-edited-1536x1152.jpg 1536w\" sizes=\"auto, (max-width: 1707px) 100vw, 1707px\" \/><\/figure>\n<\/div><\/div><\/div>\n<\/div><\/div><div class=\"wp_swiper__navigation\"><div class=\"wp_swiper__navigation-container\"><div class=\"swiper-button-prev \"><\/div><div class=\"swiper-button-next \"><\/div><\/div><\/div><\/div><div class=\"wp-swiper__quotes\"><svg aria-hidden=\"true\" focusable=\"false\" data-prefix=\"fas\" data-icon=\"quote-right\" role=\"img\" xmlns=\"http:\/\/www.w3.org\/2000\/svg\" viewBox=\"0 0 512 512\" class=\"svg-inline--fa fa-quote-right fa-w-16 fa-5x\"><path fill=\"currentColor\" d=\"M464 32H336c-26.5 0-48 21.5-48 48v128c0 26.5 21.5 48 48 48h80v64c0 35.3-28.7 64-64 64h-8c-13.3 0-24 10.7-24 24v48c0 13.3 10.7 24 24 24h8c88.4 0 160-71.6 160-160V80c0-26.5-21.5-48-48-48zm-288 0H48C21.5 32 0 53.5 0 80v128c0 26.5 21.5 48 48 48h80v64c0 35.3-28.7 64-64 64h-8c-13.3 0-24 10.7-24 24v48c0 13.3 10.7 24 24 24h8c88.4 0 160-71.6 160-160V80c0-26.5-21.5-48-48-48z\" class=\"\"><\/path><\/svg><\/div><\/div>\n","protected":false},"excerpt":{"rendered":"<p>Touxtes \u00e0 bord et toutes voiles dehors ! Pens\u00e9e en d\u00e9ferlante collective, la BIG &#8211; 5\u00e8me Biennale Insulaire des espaces d\u2019art de Gen\u00e8ve, r\u00e9invente les moyens de mener \u00e0 bien ses deux missions essentielles : f\u00e9d\u00e9rer les espaces d\u2019art et collectifs artistiques locaux qui se positionnent en dehors d\u2019un rapport marchand au monde et ouvrir [&hellip;]<\/p>\n","protected":false},"author":1,"featured_media":0,"parent":0,"menu_order":5,"comment_status":"closed","ping_status":"closed","template":"","meta":{"_acf_changed":false,"inline_featured_image":false,"footnotes":""},"class_list":["post-41","page","type-page","status-publish","hentry"],"acf":[],"_links":{"self":[{"href":"https:\/\/bigbiennale.ch\/2023\/wp-json\/wp\/v2\/pages\/41","targetHints":{"allow":["GET"]}}],"collection":[{"href":"https:\/\/bigbiennale.ch\/2023\/wp-json\/wp\/v2\/pages"}],"about":[{"href":"https:\/\/bigbiennale.ch\/2023\/wp-json\/wp\/v2\/types\/page"}],"author":[{"embeddable":true,"href":"https:\/\/bigbiennale.ch\/2023\/wp-json\/wp\/v2\/users\/1"}],"replies":[{"embeddable":true,"href":"https:\/\/bigbiennale.ch\/2023\/wp-json\/wp\/v2\/comments?post=41"}],"version-history":[{"count":9,"href":"https:\/\/bigbiennale.ch\/2023\/wp-json\/wp\/v2\/pages\/41\/revisions"}],"predecessor-version":[{"id":7408,"href":"https:\/\/bigbiennale.ch\/2023\/wp-json\/wp\/v2\/pages\/41\/revisions\/7408"}],"wp:attachment":[{"href":"https:\/\/bigbiennale.ch\/2023\/wp-json\/wp\/v2\/media?parent=41"}],"curies":[{"name":"wp","href":"https:\/\/api.w.org\/{rel}","templated":true}]}}